{"id":2152,"date":"2026-02-06T14:05:06","date_gmt":"2026-02-06T10:35:06","guid":{"rendered":"https:\/\/elexons.com\/ak\/product\/akuvox-hcp-r15p\/"},"modified":"2026-02-12T01:04:57","modified_gmt":"2026-02-11T21:34:57","slug":"akuvox-hcp-r15p","status":"publish","type":"product","link":"https:\/\/elexons.com\/ak\/product\/akuvox-hcp-r15p\/","title":{"rendered":"Akuvox HCP-R15P IP-Telefon"},"content":{"rendered":"<p>Professionelles SIP-IP-Telefon von Akuvox zur Verwendung als Sprechstellen- oder Portiertelefon in T\u00fcrsprechanlagen. Ideal f\u00fcr anspruchsvolle Wohn- und Gewerbeobjekte.<\/p>\n","protected":false},"excerpt":{"rendered":"<p>IP-Telefon HCP-R15P f\u00fcr die Integration in Akuvox T\u00fcr- und Zutrittsl\u00f6sungen.<\/p>\n","protected":false},"featured_media":2600,"comment_status":"open","ping_status":"closed","template":"","meta":{"_acf_changed":false},"product_brand":[],"product_cat":[18],"product_tag":[],"class_list":{"0":"post-2152","1":"product","2":"type-product","3":"status-publish","4":"has-post-thumbnail","6":"product_cat-uncategorized","8":"first","9":"instock","10":"shipping-taxable","11":"product-type-simple"},"acf":[],"_links":{"self":[{"href":"https:\/\/elexons.com\/ak\/wp-json\/wp\/v2\/product\/2152","targetHints":{"allow":["GET"]}}],"collection":[{"href":"https:\/\/elexons.com\/ak\/wp-json\/wp\/v2\/product"}],"about":[{"href":"https:\/\/elexons.com\/ak\/wp-json\/wp\/v2\/types\/product"}],"replies":[{"embeddable":true,"href":"https:\/\/elexons.com\/ak\/wp-json\/wp\/v2\/comments?post=2152"}],"version-history":[{"count":1,"href":"https:\/\/elexons.com\/ak\/wp-json\/wp\/v2\/product\/2152\/revisions"}],"predecessor-version":[{"id":2602,"href":"https:\/\/elexons.com\/ak\/wp-json\/wp\/v2\/product\/2152\/revisions\/2602"}],"wp:featuredmedia":[{"embeddable":true,"href":"https:\/\/elexons.com\/ak\/wp-json\/wp\/v2\/media\/2600"}],"wp:attachment":[{"href":"https:\/\/elexons.com\/ak\/wp-json\/wp\/v2\/media?parent=2152"}],"wp:term":[{"taxonomy":"product_brand","embeddable":true,"href":"https:\/\/elexons.com\/ak\/wp-json\/wp\/v2\/product_brand?post=2152"},{"taxonomy":"product_cat","embeddable":true,"href":"https:\/\/elexons.com\/ak\/wp-json\/wp\/v2\/product_cat?post=2152"},{"taxonomy":"product_tag","embeddable":true,"href":"https:\/\/elexons.com\/ak\/wp-json\/wp\/v2\/product_tag?post=2152"}],"curies":[{"name":"wp","href":"https:\/\/api.w.org\/{rel}","templated":true}]}}