{"id":2155,"date":"2026-02-06T14:05:30","date_gmt":"2026-02-06T10:35:30","guid":{"rendered":"https:\/\/elexons.com\/ak\/product\/akuvox-my-mobilekey\/"},"modified":"2026-02-12T00:50:25","modified_gmt":"2026-02-11T21:20:25","slug":"akuvox-my-mobilekey","status":"publish","type":"product","link":"https:\/\/elexons.com\/ak\/product\/akuvox-my-mobilekey\/","title":{"rendered":"Akuvox My MobileKey"},"content":{"rendered":"<p>Mit Akuvox My MobileKey wird das Smartphone zum digitalen Schl\u00fcssel. \u00d6ffnen von T\u00fcren per App, NFC oder QR-Code \u2013 ideal f\u00fcr moderne und flexible Zutrittskonzepte.<\/p>\n","protected":false},"excerpt":{"rendered":"<p>Digitale Schl\u00fcssell\u00f6sung My MobileKey f\u00fcr Smartphone-Zutritt.<\/p>\n","protected":false},"featured_media":2595,"comment_status":"open","ping_status":"closed","template":"","meta":{"_acf_changed":false},"product_brand":[],"product_cat":[18],"product_tag":[],"class_list":{"0":"post-2155","1":"product","2":"type-product","3":"status-publish","4":"has-post-thumbnail","6":"product_cat-uncategorized","8":"first","9":"instock","10":"shipping-taxable","11":"product-type-simple"},"acf":[],"_links":{"self":[{"href":"https:\/\/elexons.com\/ak\/wp-json\/wp\/v2\/product\/2155","targetHints":{"allow":["GET"]}}],"collection":[{"href":"https:\/\/elexons.com\/ak\/wp-json\/wp\/v2\/product"}],"about":[{"href":"https:\/\/elexons.com\/ak\/wp-json\/wp\/v2\/types\/product"}],"replies":[{"embeddable":true,"href":"https:\/\/elexons.com\/ak\/wp-json\/wp\/v2\/comments?post=2155"}],"version-history":[{"count":1,"href":"https:\/\/elexons.com\/ak\/wp-json\/wp\/v2\/product\/2155\/revisions"}],"predecessor-version":[{"id":2596,"href":"https:\/\/elexons.com\/ak\/wp-json\/wp\/v2\/product\/2155\/revisions\/2596"}],"wp:featuredmedia":[{"embeddable":true,"href":"https:\/\/elexons.com\/ak\/wp-json\/wp\/v2\/media\/2595"}],"wp:attachment":[{"href":"https:\/\/elexons.com\/ak\/wp-json\/wp\/v2\/media?parent=2155"}],"wp:term":[{"taxonomy":"product_brand","embeddable":true,"href":"https:\/\/elexons.com\/ak\/wp-json\/wp\/v2\/product_brand?post=2155"},{"taxonomy":"product_cat","embeddable":true,"href":"https:\/\/elexons.com\/ak\/wp-json\/wp\/v2\/product_cat?post=2155"},{"taxonomy":"product_tag","embeddable":true,"href":"https:\/\/elexons.com\/ak\/wp-json\/wp\/v2\/product_tag?post=2155"}],"curies":[{"name":"wp","href":"https:\/\/api.w.org\/{rel}","templated":true}]}}