{"id":2156,"date":"2026-02-06T14:05:40","date_gmt":"2026-02-06T10:35:40","guid":{"rendered":"https:\/\/elexons.com\/ak\/product\/akuvox-acms\/"},"modified":"2026-04-25T16:27:38","modified_gmt":"2026-04-25T12:57:38","slug":"akuvox-acms","status":"publish","type":"product","link":"https:\/\/elexons.com\/ak\/product\/akuvox-acms\/","title":{"rendered":"Akuvox ACMS"},"content":{"rendered":"<p>ACMS ist die zentrale Zutrittsmanagement-Software von Akuvox f\u00fcr die komfortable Verwaltung von Nutzern, Berechtigungen und T\u00fcren in kleinen bis gro\u00dfen Projekten.<\/p>\n","protected":false},"excerpt":{"rendered":"<p>Zentrale Zutrittsverwaltungssoftware ACMS von Akuvox.<\/p>\n","protected":false},"featured_media":3027,"comment_status":"open","ping_status":"closed","template":"","meta":{"_acf_changed":false},"product_brand":[],"product_cat":[18],"product_tag":[],"class_list":{"0":"post-2156","1":"product","2":"type-product","3":"status-publish","4":"has-post-thumbnail","6":"product_cat-uncategorized","8":"first","9":"instock","10":"shipping-taxable","11":"product-type-simple"},"acf":[],"_links":{"self":[{"href":"https:\/\/elexons.com\/ak\/wp-json\/wp\/v2\/product\/2156","targetHints":{"allow":["GET"]}}],"collection":[{"href":"https:\/\/elexons.com\/ak\/wp-json\/wp\/v2\/product"}],"about":[{"href":"https:\/\/elexons.com\/ak\/wp-json\/wp\/v2\/types\/product"}],"replies":[{"embeddable":true,"href":"https:\/\/elexons.com\/ak\/wp-json\/wp\/v2\/comments?post=2156"}],"version-history":[{"count":1,"href":"https:\/\/elexons.com\/ak\/wp-json\/wp\/v2\/product\/2156\/revisions"}],"predecessor-version":[{"id":2592,"href":"https:\/\/elexons.com\/ak\/wp-json\/wp\/v2\/product\/2156\/revisions\/2592"}],"wp:featuredmedia":[{"embeddable":true,"href":"https:\/\/elexons.com\/ak\/wp-json\/wp\/v2\/media\/3027"}],"wp:attachment":[{"href":"https:\/\/elexons.com\/ak\/wp-json\/wp\/v2\/media?parent=2156"}],"wp:term":[{"taxonomy":"product_brand","embeddable":true,"href":"https:\/\/elexons.com\/ak\/wp-json\/wp\/v2\/product_brand?post=2156"},{"taxonomy":"product_cat","embeddable":true,"href":"https:\/\/elexons.com\/ak\/wp-json\/wp\/v2\/product_cat?post=2156"},{"taxonomy":"product_tag","embeddable":true,"href":"https:\/\/elexons.com\/ak\/wp-json\/wp\/v2\/product_tag?post=2156"}],"curies":[{"name":"wp","href":"https:\/\/api.w.org\/{rel}","templated":true}]}}