{"id":2157,"date":"2026-02-06T14:05:47","date_gmt":"2026-02-06T10:35:47","guid":{"rendered":"https:\/\/elexons.com\/ak\/product\/akuvox-sdmc\/"},"modified":"2026-04-25T16:37:31","modified_gmt":"2026-04-25T13:07:31","slug":"akuvox-sdmc","status":"publish","type":"product","link":"https:\/\/elexons.com\/ak\/product\/akuvox-sdmc\/","title":{"rendered":"Akuvox SDMC"},"content":{"rendered":"<p>SDMC ist die cloudbasierte Ger\u00e4temanagement-Plattform von Akuvox zur zentralen Inbetriebnahme, \u00dcberwachung und Aktualisierung von Intercom- und Zutrittsger\u00e4ten.<\/p>\n","protected":false},"excerpt":{"rendered":"<p>Cloud-Ger\u00e4temanagement SDMC f\u00fcr Akuvox-Ger\u00e4te.<\/p>\n","protected":false},"featured_media":3028,"comment_status":"open","ping_status":"closed","template":"","meta":{"_acf_changed":false},"product_brand":[],"product_cat":[18],"product_tag":[],"class_list":{"0":"post-2157","1":"product","2":"type-product","3":"status-publish","4":"has-post-thumbnail","6":"product_cat-uncategorized","8":"first","9":"instock","10":"shipping-taxable","11":"product-type-simple"},"acf":[],"_links":{"self":[{"href":"https:\/\/elexons.com\/ak\/wp-json\/wp\/v2\/product\/2157","targetHints":{"allow":["GET"]}}],"collection":[{"href":"https:\/\/elexons.com\/ak\/wp-json\/wp\/v2\/product"}],"about":[{"href":"https:\/\/elexons.com\/ak\/wp-json\/wp\/v2\/types\/product"}],"replies":[{"embeddable":true,"href":"https:\/\/elexons.com\/ak\/wp-json\/wp\/v2\/comments?post=2157"}],"version-history":[{"count":1,"href":"https:\/\/elexons.com\/ak\/wp-json\/wp\/v2\/product\/2157\/revisions"}],"predecessor-version":[{"id":2590,"href":"https:\/\/elexons.com\/ak\/wp-json\/wp\/v2\/product\/2157\/revisions\/2590"}],"wp:featuredmedia":[{"embeddable":true,"href":"https:\/\/elexons.com\/ak\/wp-json\/wp\/v2\/media\/3028"}],"wp:attachment":[{"href":"https:\/\/elexons.com\/ak\/wp-json\/wp\/v2\/media?parent=2157"}],"wp:term":[{"taxonomy":"product_brand","embeddable":true,"href":"https:\/\/elexons.com\/ak\/wp-json\/wp\/v2\/product_brand?post=2157"},{"taxonomy":"product_cat","embeddable":true,"href":"https:\/\/elexons.com\/ak\/wp-json\/wp\/v2\/product_cat?post=2157"},{"taxonomy":"product_tag","embeddable":true,"href":"https:\/\/elexons.com\/ak\/wp-json\/wp\/v2\/product_tag?post=2157"}],"curies":[{"name":"wp","href":"https:\/\/api.w.org\/{rel}","templated":true}]}}