{"id":2161,"date":"2026-02-06T14:06:18","date_gmt":"2026-02-06T10:36:18","guid":{"rendered":"https:\/\/elexons.com\/ak\/product\/akuvox-access-control-demo-kit-001\/"},"modified":"2026-02-11T23:41:58","modified_gmt":"2026-02-11T20:11:58","slug":"akuvox-access-control-demo-kit-001","status":"publish","type":"product","link":"https:\/\/elexons.com\/ak\/product\/akuvox-access-control-demo-kit-001\/","title":{"rendered":"Akuvox Access Control Demo Kit 001"},"content":{"rendered":"<p>Demo-Kit 001 f\u00fcr Akuvox Zutrittskontrolle \u2013 ideal f\u00fcr Schulungen, Pr\u00e4sentationen und Tests von Access-Control-L\u00f6sungen.<\/p>\n","protected":false},"excerpt":{"rendered":"<p>Zutrittskontroll-Demo-Kit 001 von Akuvox.<\/p>\n","protected":false},"featured_media":2574,"comment_status":"open","ping_status":"closed","template":"","meta":{"_acf_changed":false},"product_brand":[],"product_cat":[18],"product_tag":[],"class_list":{"0":"post-2161","1":"product","2":"type-product","3":"status-publish","4":"has-post-thumbnail","6":"product_cat-uncategorized","8":"first","9":"instock","10":"shipping-taxable","11":"product-type-simple"},"acf":[],"_links":{"self":[{"href":"https:\/\/elexons.com\/ak\/wp-json\/wp\/v2\/product\/2161","targetHints":{"allow":["GET"]}}],"collection":[{"href":"https:\/\/elexons.com\/ak\/wp-json\/wp\/v2\/product"}],"about":[{"href":"https:\/\/elexons.com\/ak\/wp-json\/wp\/v2\/types\/product"}],"replies":[{"embeddable":true,"href":"https:\/\/elexons.com\/ak\/wp-json\/wp\/v2\/comments?post=2161"}],"version-history":[{"count":2,"href":"https:\/\/elexons.com\/ak\/wp-json\/wp\/v2\/product\/2161\/revisions"}],"predecessor-version":[{"id":2575,"href":"https:\/\/elexons.com\/ak\/wp-json\/wp\/v2\/product\/2161\/revisions\/2575"}],"wp:featuredmedia":[{"embeddable":true,"href":"https:\/\/elexons.com\/ak\/wp-json\/wp\/v2\/media\/2574"}],"wp:attachment":[{"href":"https:\/\/elexons.com\/ak\/wp-json\/wp\/v2\/media?parent=2161"}],"wp:term":[{"taxonomy":"product_brand","embeddable":true,"href":"https:\/\/elexons.com\/ak\/wp-json\/wp\/v2\/product_brand?post=2161"},{"taxonomy":"product_cat","embeddable":true,"href":"https:\/\/elexons.com\/ak\/wp-json\/wp\/v2\/product_cat?post=2161"},{"taxonomy":"product_tag","embeddable":true,"href":"https:\/\/elexons.com\/ak\/wp-json\/wp\/v2\/product_tag?post=2161"}],"curies":[{"name":"wp","href":"https:\/\/api.w.org\/{rel}","templated":true}]}}