{"id":2162,"date":"2026-02-06T14:06:25","date_gmt":"2026-02-06T10:36:25","guid":{"rendered":"https:\/\/elexons.com\/ak\/product\/akuvox-training-kit-201\/"},"modified":"2026-02-07T23:27:09","modified_gmt":"2026-02-07T19:57:09","slug":"akuvox-training-kit-201","status":"publish","type":"product","link":"https:\/\/elexons.com\/ak\/product\/akuvox-training-kit-201\/","title":{"rendered":"Akuvox Training Kit 201"},"content":{"rendered":"<p>Training Kit 201 von Akuvox f\u00fcr vertiefende Schulungen und praktische \u00dcbungen rund um Intercom- und Zutrittsl\u00f6sungen.<\/p>\n","protected":false},"excerpt":{"rendered":"<p>Schulungskit 201 f\u00fcr Akuvox-Trainings.<\/p>\n","protected":false},"featured_media":2260,"comment_status":"open","ping_status":"closed","template":"","meta":{"_acf_changed":false},"product_brand":[],"product_cat":[18],"product_tag":[],"class_list":{"0":"post-2162","1":"product","2":"type-product","3":"status-publish","4":"has-post-thumbnail","6":"product_cat-uncategorized","8":"first","9":"instock","10":"shipping-taxable","11":"product-type-simple"},"acf":[],"_links":{"self":[{"href":"https:\/\/elexons.com\/ak\/wp-json\/wp\/v2\/product\/2162","targetHints":{"allow":["GET"]}}],"collection":[{"href":"https:\/\/elexons.com\/ak\/wp-json\/wp\/v2\/product"}],"about":[{"href":"https:\/\/elexons.com\/ak\/wp-json\/wp\/v2\/types\/product"}],"replies":[{"embeddable":true,"href":"https:\/\/elexons.com\/ak\/wp-json\/wp\/v2\/comments?post=2162"}],"version-history":[{"count":1,"href":"https:\/\/elexons.com\/ak\/wp-json\/wp\/v2\/product\/2162\/revisions"}],"predecessor-version":[{"id":2261,"href":"https:\/\/elexons.com\/ak\/wp-json\/wp\/v2\/product\/2162\/revisions\/2261"}],"wp:featuredmedia":[{"embeddable":true,"href":"https:\/\/elexons.com\/ak\/wp-json\/wp\/v2\/media\/2260"}],"wp:attachment":[{"href":"https:\/\/elexons.com\/ak\/wp-json\/wp\/v2\/media?parent=2162"}],"wp:term":[{"taxonomy":"product_brand","embeddable":true,"href":"https:\/\/elexons.com\/ak\/wp-json\/wp\/v2\/product_brand?post=2162"},{"taxonomy":"product_cat","embeddable":true,"href":"https:\/\/elexons.com\/ak\/wp-json\/wp\/v2\/product_cat?post=2162"},{"taxonomy":"product_tag","embeddable":true,"href":"https:\/\/elexons.com\/ak\/wp-json\/wp\/v2\/product_tag?post=2162"}],"curies":[{"name":"wp","href":"https:\/\/api.w.org\/{rel}","templated":true}]}}